{"id":479,"date":"2018-06-07T11:59:44","date_gmt":"2018-06-07T09:59:44","guid":{"rendered":"http:\/\/madeinmusic.co.uk\/site\/?page_id=479"},"modified":"2025-07-24T21:40:37","modified_gmt":"2025-07-24T19:40:37","slug":"label","status":"publish","type":"page","link":"https:\/\/madeinmusic.co.uk\/site\/label\/","title":{"rendered":"MIM RECORDS"},"content":{"rendered":"\n<div class=\"wp-block-media-text is-stacked-on-mobile is-vertically-aligned-center\" style=\"grid-template-columns:20% auto\"><figure class=\"wp-block-media-text__media\"><a href=\"https:\/\/www.instagram.com\/mim_rec\/\" target=\"_blank\"><img loading=\"lazy\" decoding=\"async\" width=\"300\" height=\"300\" src=\"https:\/\/madeinmusic.co.uk\/site\/wp-content\/uploads\/2025\/03\/Logo2022_MIM_REC-500-copie-300x300.jpg\" alt=\"\" class=\"wp-image-1013 size-medium\"\/><\/a><\/figure><div class=\"wp-block-media-text__content\">\n<p class=\"has-small-font-size\"><strong>MIM Records<\/strong> is an independent record label and artists management service, based in Paris, France.&nbsp;<em><strong>Our goal is to discover and bring new &amp; exciting artists into the spotlight<\/strong><\/em>.&nbsp;<strong>MIM Records<\/strong> distributed by <strong>The Orchard, Sony Music Entertainment<\/strong>.<\/p>\n<\/div><\/div>\n\n\n\n<p><\/p>\n\n\n\n<div class=\"wp-block-media-text is-stacked-on-mobile\" style=\"grid-template-columns:20% auto\"><figure class=\"wp-block-media-text__media\"><a href=\"https:\/\/www.instagram.com\/low.insta\/\" target=\"_blank\" rel=\" noreferrer noopener\"><img loading=\"lazy\" decoding=\"async\" width=\"300\" height=\"300\" src=\"https:\/\/madeinmusic.co.uk\/site\/wp-content\/uploads\/2025\/04\/MG_5294-3-scaled-e1743496225587-300x300.jpg\" alt=\"\" class=\"wp-image-1069 size-medium\" srcset=\"https:\/\/madeinmusic.co.uk\/site\/wp-content\/uploads\/2025\/04\/MG_5294-3-scaled-e1743496225587-300x300.jpg 300w, https:\/\/madeinmusic.co.uk\/site\/wp-content\/uploads\/2025\/04\/MG_5294-3-scaled-e1743496225587-1024x1024.jpg 1024w, https:\/\/madeinmusic.co.uk\/site\/wp-content\/uploads\/2025\/04\/MG_5294-3-scaled-e1743496225587-150x150.jpg 150w, https:\/\/madeinmusic.co.uk\/site\/wp-content\/uploads\/2025\/04\/MG_5294-3-scaled-e1743496225587-768x768.jpg 768w, https:\/\/madeinmusic.co.uk\/site\/wp-content\/uploads\/2025\/04\/MG_5294-3-scaled-e1743496225587-510x510.jpg 510w, https:\/\/madeinmusic.co.uk\/site\/wp-content\/uploads\/2025\/04\/MG_5294-3-scaled-e1743496225587.jpg 1500w\" sizes=\"auto, (max-width: 300px) 100vw, 300px\" \/><\/a><\/figure><div class=\"wp-block-media-text__content\">\n<p class=\"has-small-font-size\">Valentin Chamillet dit <strong>LOW<\/strong>&nbsp;s&#8217;impose avec des chansons singuli\u00e8res aux sonorit\u00e9s organiques, dont<strong> la musique s\u2019inscrit entre la n\u00e9o-vari\u00e9t\u00e9 et le pop&nbsp;rock<\/strong>. Attachant une attention particuli\u00e8re \u00e0 la texture des instruments et \u00e0 l&#8217;ambiance de ses morceaux, il&nbsp;cr\u00e9e un univers sonore unique et immersif. <a href=\"https:\/\/orcd.co\/comme_un_roc\" target=\"_blank\" rel=\"noreferrer noopener\">Single <em><strong>Comme un roc<\/strong><\/em> disponible<\/a>.<\/p>\n<\/div><\/div>\n\n\n\n<p><\/p>\n\n\n\n<div class=\"wp-block-media-text is-stacked-on-mobile\" style=\"grid-template-columns:20% auto\"><figure class=\"wp-block-media-text__media\"><a href=\"https:\/\/www.instagram.com\/baozi.wav\/\" target=\"_blank\" rel=\" noreferrer noopener\"><img loading=\"lazy\" decoding=\"async\" width=\"300\" height=\"300\" src=\"https:\/\/madeinmusic.co.uk\/site\/wp-content\/uploads\/2025\/04\/photodeprofil-300x300.jpg\" alt=\"\" class=\"wp-image-1157 size-medium\"\/><\/a><\/figure><div class=\"wp-block-media-text__content\">\n<p class=\"has-small-font-size\">D\u00e9couvre<strong><em> <\/em><\/strong><a href=\"https:\/\/orcd.co\/baozi-overstepped\"><em><strong>Overstepped<\/strong><\/em><\/a>, le nouvel EP de <strong>baozi <\/strong>!  Cette artiste fran\u00e7aise de 22 ans originaire de Hong Kong dont le 1er projet sous le nom de &#8220;g y l s&#8221; a d\u00e9j\u00e0 retenu l&#8217;attention de nombreuses playlists \u00e9ditoriales en Asie.  <strong><em>Overstepped<\/em><\/strong> promet de captiver les fans de <strong>pop alternative et de electro house avec un groove irr\u00e9sistible et \u00e9l\u00e9gant.<\/strong> <\/p>\n<\/div><\/div>\n\n\n\n<p><\/p>\n\n\n\n<div class=\"wp-block-media-text is-stacked-on-mobile\" style=\"grid-template-columns:20% auto\"><figure class=\"wp-block-media-text__media\"><img loading=\"lazy\" decoding=\"async\" width=\"1024\" height=\"1024\" src=\"https:\/\/madeinmusic.co.uk\/site\/wp-content\/uploads\/2020\/06\/ellelui_avatar-e1743506695780-1024x1024.jpg\" alt=\"\" class=\"wp-image-707 size-medium\" srcset=\"https:\/\/madeinmusic.co.uk\/site\/wp-content\/uploads\/2020\/06\/ellelui_avatar-e1743506695780-1024x1024.jpg 1024w, https:\/\/madeinmusic.co.uk\/site\/wp-content\/uploads\/2020\/06\/ellelui_avatar-e1743506695780-150x150.jpg 150w, https:\/\/madeinmusic.co.uk\/site\/wp-content\/uploads\/2020\/06\/ellelui_avatar-e1743506695780-300x300.jpg 300w, https:\/\/madeinmusic.co.uk\/site\/wp-content\/uploads\/2020\/06\/ellelui_avatar-e1743506695780-768x768.jpg 768w, https:\/\/madeinmusic.co.uk\/site\/wp-content\/uploads\/2020\/06\/ellelui_avatar-e1743506695780-510x510.jpg 510w, https:\/\/madeinmusic.co.uk\/site\/wp-content\/uploads\/2020\/06\/ellelui_avatar-e1743506695780.jpg 1163w\" sizes=\"auto, (max-width: 1024px) 100vw, 1024px\" \/><\/figure><div class=\"wp-block-media-text__content\">\n<p class=\"has-small-font-size\">C\u2019est au travers de sa&nbsp;<strong>pop impertinente et radieuse<\/strong>&nbsp;qu\u2019&nbsp;<strong>Elle &amp; Lui&nbsp;<\/strong>saisit ses fans et les auditeurs. Avec le passage de&nbsp;<em><strong>Fleur de sel&nbsp;<\/strong><\/em>dans&nbsp;<em><strong>Emily in Paris<\/strong><\/em>,&nbsp;<strong>Elle &amp; Lui<\/strong>&nbsp;a prouv\u00e9 que sa musique parle aux nouvelles g\u00e9n\u00e9rations.<br>Une&nbsp;<strong>Pop dansante \u00e9l\u00e9gante et catchy&nbsp;<\/strong>aux couleurs Kodachrome et aux influences disco-funk et French touch, c\u2019est ce qui qualifie le mieux l\u2019album de&nbsp;<strong>Elle &amp; Lui<\/strong>. <a href=\"https:\/\/linktr.ee\/elleetlui_album\" target=\"_blank\" rel=\"noreferrer noopener\">Album <em><strong>Elle &amp; Lui<\/strong><\/em> disponible<\/a>.<\/p>\n<\/div><\/div>\n\n\n\n<p><\/p>\n\n\n\n<div class=\"wp-block-media-text is-stacked-on-mobile\" style=\"grid-template-columns:20% auto\"><figure class=\"wp-block-media-text__media\"><a href=\"https:\/\/www.instagram.com\/thisisdaddydj\/\" target=\"_blank\" rel=\" noreferrer noopener\"><img loading=\"lazy\" decoding=\"async\" width=\"300\" height=\"300\" src=\"https:\/\/madeinmusic.co.uk\/site\/wp-content\/uploads\/2019\/07\/Daddy-DJ_Deezer_500-300x300.jpg\" alt=\"\" class=\"wp-image-668 size-medium\" srcset=\"https:\/\/madeinmusic.co.uk\/site\/wp-content\/uploads\/2019\/07\/Daddy-DJ_Deezer_500-300x300.jpg 300w, https:\/\/madeinmusic.co.uk\/site\/wp-content\/uploads\/2019\/07\/Daddy-DJ_Deezer_500-150x150.jpg 150w, https:\/\/madeinmusic.co.uk\/site\/wp-content\/uploads\/2019\/07\/Daddy-DJ_Deezer_500.jpg 500w\" sizes=\"auto, (max-width: 300px) 100vw, 300px\" \/><\/a><\/figure><div class=\"wp-block-media-text__content\">\n<p class=\"has-small-font-size\"><span class=\"s1\"><strong>Daddy DJ<\/strong> are french producers who rose to fame in 2000 with his debut euro-dance single <strong><em>Daddy DJ<\/em><\/strong> which topped the charts in Sweden and Norway. The song also peaked #2 in France, Danemark and #7 in Germany.Following the success of the track, <strong>Daddy DJ<\/strong> released his debut album <strong><em>Let Your Body Talk<\/em><\/strong> which features hit singles <strong><em>The Girl In Red<\/em><\/strong> and <strong><em>Over You<\/em><\/strong>.&nbsp;He became a multi-Platinum and Diamond DJ\/ producer with 4 million records sold between 2000 and 2005.&nbsp;With <strong>\u201c<em>Folder<\/em><\/strong> was released in 2012. The producers began to transition to Pop music with singles like <strong><em>Crying<\/em><\/strong>, <strong><em>Funk You<\/em><\/strong> or <strong><em>Free Your Mind<\/em><\/strong>.<\/span> <span class=\"s1\">An upcoming collaborative project <strong><em>Rendez-vous<\/em><\/strong>, set to be released<\/span>. <a href=\"https:\/\/orcd.co\/ddj_issues_ep\">Single <em><strong>Issues (feat. Lunis) <\/strong><\/em>available<\/a>.<\/p>\n<\/div><\/div>\n\n\n\n<p><\/p>\n\n\n\n<div class=\"wp-block-media-text is-stacked-on-mobile\" style=\"grid-template-columns:20% auto\"><figure class=\"wp-block-media-text__media\"><a href=\"https:\/\/www.instagram.com\/melrose_with_love\/\" target=\"_blank\" rel=\" noreferrer noopener\"><img loading=\"lazy\" decoding=\"async\" width=\"300\" height=\"300\" src=\"https:\/\/madeinmusic.co.uk\/site\/wp-content\/uploads\/2025\/04\/PHOTO-MELROSE-PROFIL-OK_APPLE_2400X2400--300x300.jpg\" alt=\"\" class=\"wp-image-1107 size-medium\"\/><\/a><\/figure><div class=\"wp-block-media-text__content\">\n<p class=\"has-small-font-size\"><strong>MELR\u00d8SE<\/strong>&nbsp;est le projet intimiste de deux amants, Anthony Bacou et Anne-Camille qui d\u00e9cident, un soir de juin, de mettre leur intimit\u00e9 en musique depuis leur chambre d\u2019h\u00f4tel situ\u00e9e sur la c\u00e9l\u00e8bre Melrose Avenue, \u00e0 Los Angeles&#8230;Le duo d\u00e9livre un brin de&nbsp;<strong>po\u00e9sie fran\u00e7aise, sur une musique \u00e9pur\u00e9e aux sonorit\u00e9s pop \u00e9lectronique<\/strong>. <a href=\"https:\/\/orcd.co\/nuitlouve-ep\" target=\"_blank\" rel=\"noreferrer noopener\">EP <strong><em>Nuit louve <\/em><\/strong>disponible.<\/a><br><\/p>\n<\/div><\/div>\n\n\n\n<p><\/p>\n\n\n\n<div class=\"wp-block-media-text is-stacked-on-mobile\" style=\"grid-template-columns:20% auto\"><figure class=\"wp-block-media-text__media\"><img loading=\"lazy\" decoding=\"async\" width=\"1024\" height=\"1024\" src=\"https:\/\/madeinmusic.co.uk\/site\/wp-content\/uploads\/2025\/07\/2Y0P7PC-6-SQ-1024x1024.jpg\" alt=\"\" class=\"wp-image-1168 size-medium\" srcset=\"https:\/\/madeinmusic.co.uk\/site\/wp-content\/uploads\/2025\/07\/2Y0P7PC-6-SQ-1024x1024.jpg 1024w, https:\/\/madeinmusic.co.uk\/site\/wp-content\/uploads\/2025\/07\/2Y0P7PC-6-SQ-300x300.jpg 300w, https:\/\/madeinmusic.co.uk\/site\/wp-content\/uploads\/2025\/07\/2Y0P7PC-6-SQ-150x150.jpg 150w, https:\/\/madeinmusic.co.uk\/site\/wp-content\/uploads\/2025\/07\/2Y0P7PC-6-SQ-768x768.jpg 768w, https:\/\/madeinmusic.co.uk\/site\/wp-content\/uploads\/2025\/07\/2Y0P7PC-6-SQ-1536x1536.jpg 1536w, https:\/\/madeinmusic.co.uk\/site\/wp-content\/uploads\/2025\/07\/2Y0P7PC-6-SQ-510x510.jpg 510w, https:\/\/madeinmusic.co.uk\/site\/wp-content\/uploads\/2025\/07\/2Y0P7PC-6-SQ.jpg 1686w\" sizes=\"auto, (max-width: 1024px) 100vw, 1024px\" \/><\/figure><div class=\"wp-block-media-text__content\">\n<p class=\"has-small-font-size\">Apr\u00e8s sept ans de piano classique, <strong>Jean-Christophe &#8220;J&amp;B&#8221; Belval<\/strong> se procure en 1985 son premier synth\u00e9tiseur, un Juno 106. D\u00e9but d&#8217;une passion grandissante pour la musique \u00e9lectronique. En 1993, il s&#8217;installe \u00e0 Paris et rencontre<strong> Rico the Wizard<\/strong>, qui l&#8217;ancre d\u00e9finitivement dans l&#8217;\u00e9lectro, et Emmanuel Goulet, avec qui il produit <strong>&#8220;Backroom&#8221; de Jail House en 1996.<\/strong> Diffus\u00e9 sur Radio FG, le titre attire l&#8217;attention de <strong>David Kemoun (RKG Records),<\/strong> qui lui confie le remix de <strong>Dead or Alive<\/strong>, <strong>hymne officiel de l&#8217;Europride 97<\/strong>. Il encha\u00eene alors les productions et remixes pour le label, c<strong>ollaborant avec des artistes comme Gigi D&#8217;Agostino et Blondie<\/strong>. Au d\u00e9but des ann\u00e9es 2000, il co-fonde <strong>Daddy DJ <\/strong>avec David Le Roy et Charly Merkiled succ\u00e8s fulgurant :<strong> 4 millions de disques vendus<\/strong> et plus de <strong>1 milliard de stream<\/strong>s, certifications, tourn\u00e9e marquante et encore aujourd&#8217;hui, des reworks sign\u00e9s <strong>Gabry Ponte et Basshunter<\/strong>.<br><\/p>\n<\/div><\/div>\n\n\n\n<p><\/p>\n\n\n\n<div class=\"wp-block-media-text is-stacked-on-mobile\" style=\"grid-template-columns:20% auto\"><figure class=\"wp-block-media-text__media\"><a href=\"https:\/\/www.instagram.com\/alexiahiret\/\" target=\"_blank\"><img loading=\"lazy\" decoding=\"async\" width=\"1024\" height=\"1024\" src=\"https:\/\/madeinmusic.co.uk\/site\/wp-content\/uploads\/2025\/04\/AH_Profil-1024x1024.jpg\" alt=\"\" class=\"wp-image-1118 size-medium\" srcset=\"https:\/\/madeinmusic.co.uk\/site\/wp-content\/uploads\/2025\/04\/AH_Profil-1024x1024.jpg 1024w, https:\/\/madeinmusic.co.uk\/site\/wp-content\/uploads\/2025\/04\/AH_Profil-300x300.jpg 300w, https:\/\/madeinmusic.co.uk\/site\/wp-content\/uploads\/2025\/04\/AH_Profil-150x150.jpg 150w, https:\/\/madeinmusic.co.uk\/site\/wp-content\/uploads\/2025\/04\/AH_Profil-768x768.jpg 768w, https:\/\/madeinmusic.co.uk\/site\/wp-content\/uploads\/2025\/04\/AH_Profil-1536x1536.jpg 1536w, https:\/\/madeinmusic.co.uk\/site\/wp-content\/uploads\/2025\/04\/AH_Profil-2048x2048.jpg 2048w, https:\/\/madeinmusic.co.uk\/site\/wp-content\/uploads\/2025\/04\/AH_Profil-510x510.jpg 510w\" sizes=\"auto, (max-width: 1024px) 100vw, 1024px\" \/><\/a><\/figure><div class=\"wp-block-media-text__content\">\n<p class=\"has-small-font-size\"><strong>Alexia Hiret<\/strong>, auteur-compositeur et interpr\u00e8te est aussi une habitu\u00e9e de la sc\u00e8ne.<br>D\u00e8s son plus jeune \u00e2ge, elle accompagnait son p\u00e8re chanteur, quelques ann\u00e9es plus tard elle s&#8217;\u00e9mancipera en leader d&#8217;un groupe de rock et se produira dans de nombreux tremplins et festivals. <strong>Port\u00e9 par sa voix au grain unique, sexy et sensible<\/strong>, Alexia Hiret \u00e9volue tout naturellement dans une <strong>Pop 80\u2019s color\u00e9e aux sonorit\u00e9s Rock et Electro<\/strong>. <a href=\"https:\/\/orcd.co\/alexia_hiret_la_nuit\" data-type=\"link\" data-id=\"https:\/\/orcd.co\/alexia_hiret_la_nuit\" target=\"_blank\" rel=\"noreferrer noopener\">Album<em><strong> La nuit <\/strong><\/em>disponible<\/a>.<\/p>\n<\/div><\/div>\n\n\n\n<p class=\"has-text-align-center\"><iframe loading=\"lazy\" src=\"https:\/\/open.spotify.com\/embed\/playlist\/087BWS3XUrC7LlGIw58DEf\" width=\"1200\" height=\"500\" frameborder=\"center\"><\/iframe><br><\/p>\n\n\n\n<div style=\"position: relative;height: 130px\"><div style=\"\"><iframe loading=\"lazy\" width=\"100%\" height=\"130px\" src=\"https:\/\/groover.co\/influencer\/widget\/0.made-in-music?color=s-blue&#038;ratio=rectangle&#038;format=responsive&#038;size=360&#038;picture=true\" frameborder=\"0\"><\/iframe><\/div><\/div>\n\n\n\n<p><\/p>\n","protected":false},"excerpt":{"rendered":"<p>MIM Records is an independent record label and artists management service, based in Paris, France.&nbsp;Our goal is to discover and bring new &amp; exciting artists into the spotlight.&nbsp;MIM Records distributed by The Orchard, Sony Music Entertainment. Valentin Chamillet dit LOW&nbsp;s&#8217;impose avec des chansons singuli\u00e8res aux sonorit\u00e9s organiques, dont la musique s\u2019inscrit entre la n\u00e9o-vari\u00e9t\u00e9 et [&hellip;]<\/p>\n","protected":false},"author":1,"featured_media":0,"parent":0,"menu_order":0,"comment_status":"closed","ping_status":"closed","template":"","meta":{"footnotes":""},"class_list":["post-479","page","type-page","status-publish","hentry"],"_links":{"self":[{"href":"https:\/\/madeinmusic.co.uk\/site\/wp-json\/wp\/v2\/pages\/479","targetHints":{"allow":["GET"]}}],"collection":[{"href":"https:\/\/madeinmusic.co.uk\/site\/wp-json\/wp\/v2\/pages"}],"about":[{"href":"https:\/\/madeinmusic.co.uk\/site\/wp-json\/wp\/v2\/types\/page"}],"author":[{"embeddable":true,"href":"https:\/\/madeinmusic.co.uk\/site\/wp-json\/wp\/v2\/users\/1"}],"replies":[{"embeddable":true,"href":"https:\/\/madeinmusic.co.uk\/site\/wp-json\/wp\/v2\/comments?post=479"}],"version-history":[{"count":85,"href":"https:\/\/madeinmusic.co.uk\/site\/wp-json\/wp\/v2\/pages\/479\/revisions"}],"predecessor-version":[{"id":1172,"href":"https:\/\/madeinmusic.co.uk\/site\/wp-json\/wp\/v2\/pages\/479\/revisions\/1172"}],"wp:attachment":[{"href":"https:\/\/madeinmusic.co.uk\/site\/wp-json\/wp\/v2\/media?parent=479"}],"curies":[{"name":"wp","href":"https:\/\/api.w.org\/{rel}","templated":true}]}}